{"id":8,"date":"2013-05-31T08:44:43","date_gmt":"2013-05-31T12:44:43","guid":{"rendered":"http:\/\/impreza.us-themes.net\/"},"modified":"2023-01-04T14:30:20","modified_gmt":"2023-01-04T19:30:20","slug":"sample-page-2","status":"publish","type":"page","link":"https:\/\/pubvisionair.com\/en\/","title":{"rendered":"Home"},"content":{"rendered":"<section class=\"l-section wpb_row height_auto width_full color_primary\"><div class=\"l-section-h i-cf\"><div class=\"g-cols vc_row type_default valign_top\"><div class=\"vc_col-sm-12 wpb_column vc_column_container\"><div class=\"vc_column-inner\"><div class=\"wpb_wrapper\">[rev_slider_vc alias=&#8221;home-slider-vision-air-en&#8221;]<\/div><\/div><\/div><\/div><\/div><\/section><section class=\"l-section wpb_row height_medium\" id=\"first\"><div class=\"l-section-h i-cf\"><div class=\"g-cols vc_row type_default valign_top\"><div class=\"vc_col-sm-12 wpb_column vc_column_container\"><div class=\"vc_column-inner\"><div class=\"wpb_wrapper\">\r\n\t<div class=\"wpb_text_column \">\r\n\t\t<div class=\"wpb_wrapper\">\r\n\t\t\t<h2 style=\"text-align: center;\">Our Categories<\/h2>\n\r\n\t\t<\/div>\r\n\t<\/div>\r\n<div class=\"w-separator size_large\"><\/div><\/div><\/div><\/div><div class=\"vc_col-sm-4 wpb_column vc_column_container\"><div class=\"vc_column-inner\"><div class=\"wpb_wrapper\"><div class=\"w-image align_center\"><a class=\"w-image-h\" href=\"https:\/\/pubvisionair.com\/en\/produits-e-z-up\/\"><img width=\"648\" height=\"500\" src=\"https:\/\/pubvisionair.com\/wp-content\/uploads\/Abris-Pliant-E-Z-UP.jpg\" class=\"attachment-full size-full\" alt=\"\" loading=\"lazy\" srcset=\"https:\/\/pubvisionair.com\/wp-content\/uploads\/Abris-Pliant-E-Z-UP.jpg 648w, https:\/\/pubvisionair.com\/wp-content\/uploads\/Abris-Pliant-E-Z-UP-300x231.jpg 300w, https:\/\/pubvisionair.com\/wp-content\/uploads\/Abris-Pliant-E-Z-UP-600x463.jpg 600w\" sizes=\"(max-width: 648px) 100vw, 648px\" \/><\/a><\/div>\r\n\t<div class=\"wpb_text_column \">\r\n\t\t<div class=\"wpb_wrapper\">\r\n\t\t\t<p style=\"text-align: center;\">E-Z UP\u00ae Products<\/p>\n\r\n\t\t<\/div>\r\n\t<\/div>\r\n<\/div><\/div><\/div><div class=\"vc_col-sm-4 wpb_column vc_column_container\"><div class=\"vc_column-inner\"><div class=\"wpb_wrapper\"><div class=\"w-image align_center\"><a class=\"w-image-h\" href=\"https:\/\/pubvisionair.com\/en\/vision-one-products\/\"><img width=\"648\" height=\"500\" src=\"https:\/\/pubvisionair.com\/wp-content\/uploads\/Tente-Vision-One-gonflable-Bromont.jpg\" class=\"attachment-full size-full\" alt=\"\" loading=\"lazy\" srcset=\"https:\/\/pubvisionair.com\/wp-content\/uploads\/Tente-Vision-One-gonflable-Bromont.jpg 648w, https:\/\/pubvisionair.com\/wp-content\/uploads\/Tente-Vision-One-gonflable-Bromont-300x231.jpg 300w, https:\/\/pubvisionair.com\/wp-content\/uploads\/Tente-Vision-One-gonflable-Bromont-600x463.jpg 600w\" sizes=\"(max-width: 648px) 100vw, 648px\" \/><\/a><\/div>\r\n\t<div class=\"wpb_text_column \">\r\n\t\t<div class=\"wpb_wrapper\">\r\n\t\t\t<p style=\"text-align: center;\">Vision-One Products<\/p>\n\r\n\t\t<\/div>\r\n\t<\/div>\r\n<\/div><\/div><\/div><div class=\"vc_col-sm-4 wpb_column vc_column_container\"><div class=\"vc_column-inner\"><div class=\"wpb_wrapper\"><div class=\"w-image align_center\"><a class=\"w-image-h\" href=\"https:\/\/pubvisionair.com\/en\/gonflables\/\"><img width=\"648\" height=\"500\" src=\"https:\/\/pubvisionair.com\/wp-content\/uploads\/Gonflabe-peinture-SICO.jpg\" class=\"attachment-full size-full\" alt=\"\" loading=\"lazy\" srcset=\"https:\/\/pubvisionair.com\/wp-content\/uploads\/Gonflabe-peinture-SICO.jpg 648w, https:\/\/pubvisionair.com\/wp-content\/uploads\/Gonflabe-peinture-SICO-300x231.jpg 300w, https:\/\/pubvisionair.com\/wp-content\/uploads\/Gonflabe-peinture-SICO-600x463.jpg 600w\" sizes=\"(max-width: 648px) 100vw, 648px\" \/><\/a><\/div>\r\n\t<div class=\"wpb_text_column \">\r\n\t\t<div class=\"wpb_wrapper\">\r\n\t\t\t<p style=\"text-align: center;\">Inflatables Products<\/p>\n\r\n\t\t<\/div>\r\n\t<\/div>\r\n<\/div><\/div><\/div><\/div><\/div><\/section><section class=\"l-section wpb_row height_medium color_primary\" id=\"fourth\"><div class=\"l-section-h i-cf\"><div class=\"g-cols vc_row type_default valign_top\"><div class=\"vc_col-sm-12 wpb_column vc_column_container\"><div class=\"vc_column-inner\"><div class=\"wpb_wrapper\"><div class=\"w-actionbox color_primary controls_right\"><div class=\"w-actionbox-text\"><h2 style=\"font-size:h3;\">VIEW OUR E-Z UP\u00ae PRODUCTS!<\/h2><\/div><div class=\"w-actionbox-controls\"><a class=\"w-btn us-btn-style_4\" href=\"https:\/\/pubvisionair.com\/produits-e-z-up\/\" style=\"font-size:20px;\"><span class=\"w-btn-label\">CLICK HERE!<\/span><\/a><\/div><\/div><\/div><\/div><\/div><\/div><\/div><\/section><section class=\"l-section wpb_row height_auto width_full color_primary\"><div class=\"l-section-h i-cf\"><div class=\"g-cols vc_row type_default valign_top\"><div class=\"vc_col-sm-12 wpb_column vc_column_container\"><div class=\"vc_column-inner\"><div class=\"wpb_wrapper\">[rev_slider_vc alias=&#8221;home-slider-bottom-add-1&#8243;]<\/div><\/div><\/div><\/div><\/div><\/section><section class=\"l-section wpb_row height_medium\"><div class=\"l-section-h i-cf\"><div class=\"g-cols vc_row type_default valign_top\"><div class=\"vc_col-sm-12 wpb_column vc_column_container\"><div class=\"vc_column-inner\"><div class=\"wpb_wrapper\">\r\n\t<div class=\"wpb_text_column \">\r\n\t\t<div class=\"wpb_wrapper\">\r\n\t\t\t<p><a href=\"https:\/\/pubvisionair.com\/produits-e-z-up\/\"><img loading=\"lazy\" class=\"aligncenter wp-image-5931 size-medium\" src=\"https:\/\/pubvisionair.com\/wp-content\/uploads\/2013\/05\/logo-large-300x273.png\" alt=\"EZ-UP-logo\" width=\"300\" height=\"273\" srcset=\"https:\/\/pubvisionair.com\/wp-content\/uploads\/2013\/05\/logo-large-300x273.png 300w, https:\/\/pubvisionair.com\/wp-content\/uploads\/2013\/05\/logo-large.png 369w\" sizes=\"(max-width: 300px) 100vw, 300px\" \/><\/a><\/p>\n\r\n\t\t<\/div>\r\n\t<\/div>\r\n<\/div><\/div><\/div><\/div><\/div><\/section><section class=\"l-section wpb_row height_auto width_full color_primary\"><div class=\"l-section-h i-cf\"><div class=\"g-cols vc_row type_default valign_top\"><div class=\"vc_col-sm-12 wpb_column vc_column_container\"><div class=\"vc_column-inner\"><div class=\"wpb_wrapper\">[rev_slider_vc alias=&#8221;home-slider-abris-custom-en&#8221;]<\/div><\/div><\/div><\/div><\/div><\/section><section class=\"l-section wpb_row height_medium color_primary with_img parallax_ver\" id=\"second\"><div class=\"l-section-img\" style=\"background-image: url(https:\/\/pubvisionair.com\/wp-content\/uploads\/revslider\/home\/slide1_bg.jpg);\" data-img-width=\"1920\" data-img-height=\"500\"><\/div><div class=\"l-section-h i-cf\"><div class=\"g-cols vc_row type_default valign_middle\"><div class=\"vc_col-sm-12 wpb_column vc_column_container\"><div class=\"vc_column-inner\"><div class=\"wpb_wrapper\">\r\n\t<div class=\"wpb_text_column \">\r\n\t\t<div class=\"wpb_wrapper\">\r\n\t\t\t<h2 style=\"text-align: center;\"><strong>Pub Vision-Air<\/strong>. We have your solution!<\/h2>\n\r\n\t\t<\/div>\r\n\t<\/div>\r\n<\/div><\/div><\/div><\/div><\/div><\/section>\n","protected":false},"excerpt":{"rendered":"[rev_slider_vc alias=\"home-slider-vision-air-en\"] Our Categories E-Z UP\u00ae Products Vision-One Products Inflatables Products VIEW OUR E-Z UP\u00ae PRODUCTS!CLICK HERE![rev_slider_vc alias=\"home-slider-bottom-add-1\"] [rev_slider_vc alias=\"home-slider-abris-custom-en\"] Pub Vision-Air. We have your solution!","protected":false},"author":1,"featured_media":0,"parent":0,"menu_order":0,"comment_status":"closed","ping_status":"closed","template":"","meta":[],"yoast_head":"<!-- This site is optimized with the Yoast SEO plugin v14.9 - https:\/\/yoast.com\/wordpress\/plugins\/seo\/ -->\n<title>Distributeur exclusif des produits EZ-UP au Qu\u00e9bec | Publicit\u00e9 Vision-Air desservant tout le Qu\u00e9bec<\/title>\n<meta name=\"description\" content=\"Que ce soit pour un abri, tente, drapeau, banni\u00e8re, arche et ballon gonflable | Produits EZ-UP personnalis\u00e9s selon vos besoins et vos couleurs | Situ\u00e9e \u00e0 Laval, desservant Montr\u00e9al et tout le Qu\u00e9bec\" \/>\n<meta name=\"robots\" content=\"index, follow, max-snippet:-1, max-image-preview:large, max-video-preview:-1\" \/>\n<link rel=\"canonical\" href=\"https:\/\/pubvisionair.com\/\" \/>\n<meta property=\"og:locale\" content=\"en_US\" \/>\n<meta property=\"og:type\" content=\"article\" \/>\n<meta property=\"og:title\" content=\"Distributeur exclusif des produits EZ-UP au Qu\u00e9bec | Publicit\u00e9 Vision-Air desservant tout le Qu\u00e9bec\" \/>\n<meta property=\"og:description\" content=\"Que ce soit pour un abri, tente, drapeau, banni\u00e8re, arche et ballon gonflable | Produits EZ-UP personnalis\u00e9s selon vos besoins et vos couleurs | Situ\u00e9e \u00e0 Laval, desservant Montr\u00e9al et tout le Qu\u00e9bec\" \/>\n<meta property=\"og:url\" content=\"https:\/\/pubvisionair.com\/\" \/>\n<meta property=\"og:site_name\" content=\"Vision-Air\" \/>\n<meta property=\"article:modified_time\" content=\"2023-01-04T19:30:20+00:00\" \/>\n<meta property=\"og:image\" content=\"https:\/\/pubvisionair.com\/wp-content\/uploads\/2013\/05\/logo-large-300x273.png\" \/>\n<meta name=\"twitter:card\" content=\"summary_large_image\" \/>\n<script type=\"application\/ld+json\" class=\"yoast-schema-graph\">{\"@context\":\"https:\/\/schema.org\",\"@graph\":[{\"@type\":\"WebSite\",\"@id\":\"https:\/\/pubvisionair.com\/en\/#website\",\"url\":\"https:\/\/pubvisionair.com\/en\/\",\"name\":\"Vision-Air\",\"description\":\"Vision Air\",\"potentialAction\":[{\"@type\":\"SearchAction\",\"target\":\"https:\/\/pubvisionair.com\/en\/?s={search_term_string}\",\"query-input\":\"required name=search_term_string\"}],\"inLanguage\":\"en-US\"},{\"@type\":\"ImageObject\",\"@id\":\"https:\/\/pubvisionair.com\/#primaryimage\",\"inLanguage\":\"en-US\",\"url\":\"https:\/\/pubvisionair.com\/wp-content\/uploads\/2013\/05\/logo-large.png\",\"width\":369,\"height\":336,\"caption\":\"EZ-UP-logo\"},{\"@type\":\"WebPage\",\"@id\":\"https:\/\/pubvisionair.com\/#webpage\",\"url\":\"https:\/\/pubvisionair.com\/\",\"name\":\"Distributeur exclusif des produits EZ-UP au Qu\\u00e9bec | Publicit\\u00e9 Vision-Air desservant tout le Qu\\u00e9bec\",\"isPartOf\":{\"@id\":\"https:\/\/pubvisionair.com\/en\/#website\"},\"primaryImageOfPage\":{\"@id\":\"https:\/\/pubvisionair.com\/#primaryimage\"},\"datePublished\":\"2013-05-31T12:44:43+00:00\",\"dateModified\":\"2023-01-04T19:30:20+00:00\",\"description\":\"Que ce soit pour un abri, tente, drapeau, banni\\u00e8re, arche et ballon gonflable | Produits EZ-UP personnalis\\u00e9s selon vos besoins et vos couleurs | Situ\\u00e9e \\u00e0 Laval, desservant Montr\\u00e9al et tout le Qu\\u00e9bec\",\"inLanguage\":\"en-US\",\"potentialAction\":[{\"@type\":\"ReadAction\",\"target\":[\"https:\/\/pubvisionair.com\/\"]}]}]}<\/script>\n<!-- \/ Yoast SEO plugin. -->","_links":{"self":[{"href":"https:\/\/pubvisionair.com\/en\/wp-json\/wp\/v2\/pages\/8"}],"collection":[{"href":"https:\/\/pubvisionair.com\/en\/wp-json\/wp\/v2\/pages"}],"about":[{"href":"https:\/\/pubvisionair.com\/en\/wp-json\/wp\/v2\/types\/page"}],"author":[{"embeddable":true,"href":"https:\/\/pubvisionair.com\/en\/wp-json\/wp\/v2\/users\/1"}],"replies":[{"embeddable":true,"href":"https:\/\/pubvisionair.com\/en\/wp-json\/wp\/v2\/comments?post=8"}],"version-history":[{"count":77,"href":"https:\/\/pubvisionair.com\/en\/wp-json\/wp\/v2\/pages\/8\/revisions"}],"predecessor-version":[{"id":8666,"href":"https:\/\/pubvisionair.com\/en\/wp-json\/wp\/v2\/pages\/8\/revisions\/8666"}],"wp:attachment":[{"href":"https:\/\/pubvisionair.com\/en\/wp-json\/wp\/v2\/media?parent=8"}],"curies":[{"name":"wp","href":"https:\/\/api.w.org\/{rel}","templated":true}]}}